{"id":12,"date":"2019-08-25T22:45:19","date_gmt":"2019-08-25T19:45:19","guid":{"rendered":"http:\/\/yuzbasiogluproje.com\/en\/?page_id=12"},"modified":"2024-12-13T11:43:34","modified_gmt":"2024-12-13T08:43:34","slug":"contact","status":"publish","type":"page","link":"http:\/\/yuzbasiogluproje.com\/en\/contact\/","title":{"rendered":"Contact"},"content":{"rendered":"<div id=\"pl-12\"  class=\"panel-layout\" ><div id=\"pg-12-0\"  class=\"panel-grid panel-no-style\" ><div id=\"pgc-12-0-0\"  class=\"panel-grid-cell\" ><div id=\"panel-12-0-0-0\" class=\"so-panel widget widget_sow-editor panel-first-child panel-last-child\" data-index=\"0\" ><div\n\t\t\t\n\t\t\tclass=\"so-widget-sow-editor so-widget-sow-editor-base\"\n\t\t\t\n\t\t>\n<div class=\"siteorigin-widget-tinymce textwidget\">\n\t<p><strong>Adress<\/strong><\/p>\n<p>Fahrettin Kerim G\u00f6kay cad. No:122 Burcu apt. Kat:7 D:18 - G\u00f6ztepe Kad\u0131k\u00f6y<\/p>\n<p><b>Phone<\/b><\/p>\n<p>0216 481 64 86<\/p>\n<p><b>Fax<\/b><\/p>\n<p>0216 565 80 80<\/p>\n<p><b>E-Mail<\/b><\/p>\n<p><a href=\"mailto:yuzbasiogluproje@gmail.com\">yuzbasiogluproje@gmail.com<\/a><\/p>\n<p><a href=\"mailto:bilgi@yuzbasiogluproje.com\">bilgi@yuzbasiogluproje.com<\/a><\/p>\n<\/div>\n<\/div><\/div><\/div><div id=\"pgc-12-0-1\"  class=\"panel-grid-cell\" ><div id=\"panel-12-0-1-0\" class=\"widget_text so-panel widget widget_custom_html panel-first-child panel-last-child widgetopts-SO\" data-index=\"1\" ><div class=\"textwidget custom-html-widget\"><iframe src=\"https:\/\/www.google.com\/maps\/embed?pb=!1m14!1m8!1m3!1d12040.279170808608!2d29.082332!3d41.023729!3m2!1i1024!2i768!4f13.1!3m3!1m2!1s0x14cac85d209b1a31%3A0x14d772e8131e9bd5!2zQnVsZ3VybHUsIEFsZW1kYcSfIENkIE5vOjEwMiwgMzQ2OTYgw5xza8O8ZGFyL8Swc3RhbmJ1bCwgVMO8cmtpeWU!5e0!3m2!1str!2sus!4v1734079346020!5m2!1str!2sus\" width=\"600\" height=\"450\" style=\"border:0;\" allowfullscreen=\"\" loading=\"lazy\" referrerpolicy=\"no-referrer-when-downgrade\"><\/iframe><\/div><\/div><\/div><\/div><\/div>","protected":false},"excerpt":{"rendered":"<p>Adress Fahrettin Kerim G\u00f6kay cad. No:122 Burcu apt. Kat:7 D:18 &#8211; G\u00f6ztepe Kad\u0131k\u00f6y Phone 0216 481 64 86 Fax 0216 565 80 80 E-Mail yuzbasiogluproje@gmail.com bilgi@yuzbasiogluproje.com<\/p>\n","protected":false},"author":1,"featured_media":0,"parent":0,"menu_order":0,"comment_status":"closed","ping_status":"closed","template":"","meta":{"footnotes":""},"class_list":["post-12","page","type-page","status-publish","hentry"],"_links":{"self":[{"href":"http:\/\/yuzbasiogluproje.com\/en\/wp-json\/wp\/v2\/pages\/12","targetHints":{"allow":["GET"]}}],"collection":[{"href":"http:\/\/yuzbasiogluproje.com\/en\/wp-json\/wp\/v2\/pages"}],"about":[{"href":"http:\/\/yuzbasiogluproje.com\/en\/wp-json\/wp\/v2\/types\/page"}],"author":[{"embeddable":true,"href":"http:\/\/yuzbasiogluproje.com\/en\/wp-json\/wp\/v2\/users\/1"}],"replies":[{"embeddable":true,"href":"http:\/\/yuzbasiogluproje.com\/en\/wp-json\/wp\/v2\/comments?post=12"}],"version-history":[{"count":7,"href":"http:\/\/yuzbasiogluproje.com\/en\/wp-json\/wp\/v2\/pages\/12\/revisions"}],"predecessor-version":[{"id":36,"href":"http:\/\/yuzbasiogluproje.com\/en\/wp-json\/wp\/v2\/pages\/12\/revisions\/36"}],"wp:attachment":[{"href":"http:\/\/yuzbasiogluproje.com\/en\/wp-json\/wp\/v2\/media?parent=12"}],"curies":[{"name":"wp","href":"https:\/\/api.w.org\/{rel}","templated":true}]}}